{"id":10039,"date":"2017-08-31T09:46:45","date_gmt":"2017-08-31T07:46:45","guid":{"rendered":"https:\/\/www.benevolenti.com\/?post_type=product&#038;p=10039\/"},"modified":"2024-12-04T11:43:14","modified_gmt":"2024-12-04T10:43:14","slug":"tropfenkette-prehnit","status":"publish","type":"product","link":"https:\/\/www.benevolenti.com\/de\/produkt\/tropfenkette-prehnit\/","title":{"rendered":"TROPFENKETTE Prehnit"},"content":{"rendered":"<p>Der Tropfen als Symbol steht f\u00fcr Wasser, Wasser wiederum f\u00fcr Leben.<\/p>\n<p>Prehnit ist der Stein der Wahl, wenn es darum geht, sich selber so zu akzeptieren, wie man ist. K\u00f6rperlich regt er den Fettstoffwechsel und den Fettabbau an und f\u00f6rdert alle Erneuerungsprozesse im K\u00f6rper.<\/p>\n<p>Gerne auch mit einem pers\u00f6nlichen Wunsch, ich schreibe die Karten von Hand.<\/p>\n<p>Halskette 40cm, (vergoldetes) 925 Silber.<\/p>\n","protected":false},"excerpt":{"rendered":"<p>Der Tropfen als Symbol steht f\u00fcr Wasser, Wasser wiederum f\u00fcr Leben. Prehnit ist der Stein der Wahl, wenn es darum geht, sich selber so zu akzeptieren, wie man ist. K\u00f6rperlich regt er den Fettstoffwechsel und den Fettabbau an und f\u00f6rdert alle Erneuerungsprozesse im K\u00f6rper. Gerne auch mit einem pers\u00f6nlichen Wunsch,&#8230; <a class=\"more-link\" href=\"https:\/\/www.benevolenti.com\/de\/produkt\/tropfenkette-prehnit\/\">Mehr<\/a><\/p>\n","protected":false},"featured_media":22196,"comment_status":"open","ping_status":"closed","template":"","meta":[],"product_brand":[],"product_cat":[707,727],"product_tag":[662],"class_list":{"0":"post-10039","1":"product","2":"type-product","3":"status-publish","4":"has-post-thumbnail","6":"product_cat-freude-zufriedenheit","7":"product_cat-tropfenketten","8":"product_tag-prehnit","10":"first","11":"instock","12":"shipping-taxable","13":"purchasable","14":"product-type-variable"},"jetpack_sharing_enabled":true,"_links":{"self":[{"href":"https:\/\/www.benevolenti.com\/de\/wp-json\/wp\/v2\/product\/10039","targetHints":{"allow":["GET"]}}],"collection":[{"href":"https:\/\/www.benevolenti.com\/de\/wp-json\/wp\/v2\/product"}],"about":[{"href":"https:\/\/www.benevolenti.com\/de\/wp-json\/wp\/v2\/types\/product"}],"replies":[{"embeddable":true,"href":"https:\/\/www.benevolenti.com\/de\/wp-json\/wp\/v2\/comments?post=10039"}],"wp:featuredmedia":[{"embeddable":true,"href":"https:\/\/www.benevolenti.com\/de\/wp-json\/wp\/v2\/media\/22196"}],"wp:attachment":[{"href":"https:\/\/www.benevolenti.com\/de\/wp-json\/wp\/v2\/media?parent=10039"}],"wp:term":[{"taxonomy":"product_brand","embeddable":true,"href":"https:\/\/www.benevolenti.com\/de\/wp-json\/wp\/v2\/product_brand?post=10039"},{"taxonomy":"product_cat","embeddable":true,"href":"https:\/\/www.benevolenti.com\/de\/wp-json\/wp\/v2\/product_cat?post=10039"},{"taxonomy":"product_tag","embeddable":true,"href":"https:\/\/www.benevolenti.com\/de\/wp-json\/wp\/v2\/product_tag?post=10039"}],"curies":[{"name":"wp","href":"https:\/\/api.w.org\/{rel}","templated":true}]}}