{"id":10015,"date":"2017-08-31T09:01:37","date_gmt":"2017-08-31T07:01:37","guid":{"rendered":"https:\/\/www.benevolenti.com\/?post_type=product&#038;p=10015\/"},"modified":"2025-10-20T11:37:58","modified_gmt":"2025-10-20T09:37:58","slug":"drop-smokey-quartz","status":"publish","type":"product","link":"https:\/\/www.benevolenti.com\/de\/produkt\/drop-smokey-quartz\/","title":{"rendered":"TROPFEN KETTE Rauchquarz"},"content":{"rendered":"<p>Die BENEVOLENTI Tropfenkette in Rauchquarz: Der Tropfen als Symbol steht f\u00fcr Wasser, Wasser wiederum f\u00fcr Leben. Rauchquarz wirkt entspannend, ein starker Stein f\u00fcr unsere hektische Zeit.<\/p>\n<p>Auf dem Weg nach Kuba habe ich diesen funkelnden Rauchquarz im Diamond District in New York gekauft und musste das erste verarbeitete St\u00fcck gleich selber anziehen.<\/p>\n<p>Mit dem Wunsch Relax! oder gerne auch mit einem pers\u00f6nlichen Wunsch, ich schreibe die Karten sowieso von Hand.<\/p>\n","protected":false},"excerpt":{"rendered":"<p>Die BENEVOLENTI Tropfenkette in Rauchquarz: Der Tropfen als Symbol steht f\u00fcr Wasser, Wasser wiederum f\u00fcr Leben. Rauchquarz wirkt entspannend, ein starker Stein f\u00fcr unsere hektische Zeit. Auf dem Weg nach Kuba habe ich diesen funkelnden Rauchquarz im Diamond District in New York gekauft und musste das erste verarbeitete St\u00fcck gleich&#8230; <a class=\"more-link\" href=\"https:\/\/www.benevolenti.com\/de\/produkt\/drop-smokey-quartz\/\">Mehr<\/a><\/p>\n","protected":false},"featured_media":22890,"comment_status":"open","ping_status":"closed","template":"","meta":[],"product_brand":[],"product_cat":[595,727],"product_tag":[631],"class_list":{"0":"post-10015","1":"product","2":"type-product","3":"status-publish","4":"has-post-thumbnail","6":"product_cat-kraft-energie","7":"product_cat-tropfenketten","8":"product_tag-rauchquarz","10":"first","11":"instock","12":"shipping-taxable","13":"purchasable","14":"product-type-variable"},"jetpack_sharing_enabled":true,"_links":{"self":[{"href":"https:\/\/www.benevolenti.com\/de\/wp-json\/wp\/v2\/product\/10015","targetHints":{"allow":["GET"]}}],"collection":[{"href":"https:\/\/www.benevolenti.com\/de\/wp-json\/wp\/v2\/product"}],"about":[{"href":"https:\/\/www.benevolenti.com\/de\/wp-json\/wp\/v2\/types\/product"}],"replies":[{"embeddable":true,"href":"https:\/\/www.benevolenti.com\/de\/wp-json\/wp\/v2\/comments?post=10015"}],"wp:featuredmedia":[{"embeddable":true,"href":"https:\/\/www.benevolenti.com\/de\/wp-json\/wp\/v2\/media\/22890"}],"wp:attachment":[{"href":"https:\/\/www.benevolenti.com\/de\/wp-json\/wp\/v2\/media?parent=10015"}],"wp:term":[{"taxonomy":"product_brand","embeddable":true,"href":"https:\/\/www.benevolenti.com\/de\/wp-json\/wp\/v2\/product_brand?post=10015"},{"taxonomy":"product_cat","embeddable":true,"href":"https:\/\/www.benevolenti.com\/de\/wp-json\/wp\/v2\/product_cat?post=10015"},{"taxonomy":"product_tag","embeddable":true,"href":"https:\/\/www.benevolenti.com\/de\/wp-json\/wp\/v2\/product_tag?post=10015"}],"curies":[{"name":"wp","href":"https:\/\/api.w.org\/{rel}","templated":true}]}}