{"id":9168,"date":"2017-01-22T13:41:56","date_gmt":"2017-01-22T12:41:56","guid":{"rendered":"https:\/\/www.benevolenti.com\/?page_id=9168"},"modified":"2024-07-02T11:33:16","modified_gmt":"2024-07-02T09:33:16","slug":"kontakt-2","status":"publish","type":"page","link":"https:\/\/www.benevolenti.com\/de\/kontakt-2\/","title":{"rendered":"KONTAKT"},"content":{"rendered":"<p>Haben Sie eine Idee f\u00fcr einen Verkaufspunkt oder einen eigenen Laden?<br \/>\nHaben Sie Fragen oder Anregungen? Oder Ideen f\u00fcr ein Einzelst\u00fcck?<br \/>\nIch freue mich auf Ihr E-Mail: <a href=\"mailto:claudia@benevolenti.com\">claudia@benevolenti.com<\/a><\/p>\n<p><a href=\"http:\/\/eepurl.com\/Iszen\">HIER Newsletter abonnieren <\/a><br \/>\nf\u00fcr BENEVOLENTI-Neuigkeiten und Aktionen (nur 4-6x im Jahr)<br \/>\n<a href=\"https:\/\/www.instagram.com\/benevolentidesign\/\"> <strong>HIER im Instagram-Tagebuch st\u00f6bern<\/strong><\/a><\/p>\n<p><a><br \/>\n<\/a><br \/>\n<span style=\"color: #b9c5a0; font-size: 24px;\">WO KAUFEN<\/span><br \/>\nDie gesamte Auswahl an BENEVOLENTI gibt es PORTOFREI auf dieser Website.<\/p>\n<p>Folgende L\u00e4den f\u00fchren BENEVOLENTI:<br \/>\n&#8211; <strong>LABO Spa<\/strong>, Talacker 41, 8001 Z\u00fcrich<br \/>\n&#8211; <strong><a href=\"http:\/\/www.nook-zh.ch\">NOOK<\/a><\/strong>, Kuttelgasse 4, beim Leibundgut, 8001 Z\u00fcrich<strong> (KINDER)<\/strong><\/p>\n<p>&#8211; <strong>Atelier Daniela Zender<\/strong>, im Hof 2, 8802 Kilchberg<br \/>\n&#8211; <strong>BeautyCosmos<\/strong>, Ettenbergstrasse 5, Wettswil<br \/>\n&#8211; <strong>Caff\u00e8 Verde<\/strong>, Forchstrasse 136, Zollikerberg<br \/>\n&#8211; <strong>CASTELJAC<\/strong>, Dorfstrasse 33, Richterswil<br \/>\n&#8211; <strong>SEELOFT 219<\/strong>, Seestrasse 219, M\u00e4nnedorf<br \/>\n&#8211;\u00a0<strong>WILD BEAUTY<\/strong>, Feldstrasse 72, B\u00fclach<\/p>\n<p>&#8211;\u00a0<strong>FIGARO<\/strong>, Via dal Bagn 5, St. Moritz<br \/>\n&#8211; <strong>PURPUR<\/strong>, Breitenrainplatz 42, Bern<br \/>\n&#8211; <strong>SINNTRA<\/strong>, Habsburgerstrasse 36, Luzern<\/p>\n<p>Postadresse BENEVOLENTI: Fliederstrasse 16, 8006 Z\u00fcrich<\/p>\n","protected":false},"excerpt":{"rendered":"<p>Haben Sie eine Idee f\u00fcr einen Verkaufspunkt oder einen eigenen Laden? Haben Sie Fragen oder Anregungen? Oder Ideen f\u00fcr ein Einzelst\u00fcck? Ich freue mich auf Ihr E-Mail: claudia@benevolenti.com HIER Newsletter abonnieren f\u00fcr BENEVOLENTI-Neuigkeiten und Aktionen (nur 4-6x im Jahr) HIER im Instagram-Tagebuch st\u00f6bern WO KAUFEN Die gesamte Auswahl an BENEVOLENTI&#8230; <a class=\"more-link\" href=\"https:\/\/www.benevolenti.com\/de\/kontakt-2\/\">Mehr<\/a><\/p>\n","protected":false},"author":1,"featured_media":0,"parent":0,"menu_order":19,"comment_status":"closed","ping_status":"closed","template":"","meta":{"footnotes":""},"class_list":["post-9168","page","type-page","status-publish","hentry"],"jetpack_sharing_enabled":true,"_links":{"self":[{"href":"https:\/\/www.benevolenti.com\/de\/wp-json\/wp\/v2\/pages\/9168","targetHints":{"allow":["GET"]}}],"collection":[{"href":"https:\/\/www.benevolenti.com\/de\/wp-json\/wp\/v2\/pages"}],"about":[{"href":"https:\/\/www.benevolenti.com\/de\/wp-json\/wp\/v2\/types\/page"}],"author":[{"embeddable":true,"href":"https:\/\/www.benevolenti.com\/de\/wp-json\/wp\/v2\/users\/1"}],"replies":[{"embeddable":true,"href":"https:\/\/www.benevolenti.com\/de\/wp-json\/wp\/v2\/comments?post=9168"}],"version-history":[{"count":1,"href":"https:\/\/www.benevolenti.com\/de\/wp-json\/wp\/v2\/pages\/9168\/revisions"}],"predecessor-version":[{"id":21125,"href":"https:\/\/www.benevolenti.com\/de\/wp-json\/wp\/v2\/pages\/9168\/revisions\/21125"}],"wp:attachment":[{"href":"https:\/\/www.benevolenti.com\/de\/wp-json\/wp\/v2\/media?parent=9168"}],"curies":[{"name":"wp","href":"https:\/\/api.w.org\/{rel}","templated":true}]}}