{"id":7655,"date":"2016-03-17T11:31:25","date_gmt":"2016-03-17T10:31:25","guid":{"rendered":"https:\/\/www.benevolenti.com\/?page_id=7655"},"modified":"2026-04-03T11:11:59","modified_gmt":"2026-04-03T09:11:59","slug":"benevolenti","status":"publish","type":"page","link":"https:\/\/www.benevolenti.com\/de\/","title":{"rendered":"BENEVOLENTI"},"content":{"rendered":"<p style=\"text-align: center;\">Ein<strong><br \/>\nBENEVOLENTI<br \/>\n<\/strong>ist ein<br \/>\npers\u00f6nlicher<strong> <\/strong><br \/>\n<strong>EDELSTEIN. <\/strong><\/p>\n<p style=\"text-align: center;\">*<strong> <\/strong><br \/>\nGl\u00fccksstein<br \/>\nMutstein<br \/>\nKraftstein<br \/>\nSchutzstein<\/p>\n<p style=\"text-align: center;\">*<\/p>\n<p style=\"text-align: center;\">Ein starker Begleiter f\u00fcr jeden Tag.<\/p>\n<p style=\"text-align: center;\">*<\/p>\n<p><img loading=\"lazy\" decoding=\"async\" src=\"https:\/\/www.benevolenti.com\/wp-content\/uploads\/2024\/07\/STEINKETTE-EIBE-Eichel-Acorn-Mondstein-MIDI-925-vergoldet-1-feat.jpg\" alt=\"\" width=\"1726\" height=\"1726\" class=\"aligncenter size-full wp-image-21143\" srcset=\"https:\/\/www.benevolenti.com\/wp-content\/uploads\/2024\/07\/STEINKETTE-EIBE-Eichel-Acorn-Mondstein-MIDI-925-vergoldet-1-feat.jpg 1726w, https:\/\/www.benevolenti.com\/wp-content\/uploads\/2024\/07\/STEINKETTE-EIBE-Eichel-Acorn-Mondstein-MIDI-925-vergoldet-1-feat-300x300.jpg 300w, https:\/\/www.benevolenti.com\/wp-content\/uploads\/2024\/07\/STEINKETTE-EIBE-Eichel-Acorn-Mondstein-MIDI-925-vergoldet-1-feat-1024x1024.jpg 1024w, https:\/\/www.benevolenti.com\/wp-content\/uploads\/2024\/07\/STEINKETTE-EIBE-Eichel-Acorn-Mondstein-MIDI-925-vergoldet-1-feat-150x150.jpg 150w, https:\/\/www.benevolenti.com\/wp-content\/uploads\/2024\/07\/STEINKETTE-EIBE-Eichel-Acorn-Mondstein-MIDI-925-vergoldet-1-feat-768x768.jpg 768w, https:\/\/www.benevolenti.com\/wp-content\/uploads\/2024\/07\/STEINKETTE-EIBE-Eichel-Acorn-Mondstein-MIDI-925-vergoldet-1-feat-1536x1536.jpg 1536w, https:\/\/www.benevolenti.com\/wp-content\/uploads\/2024\/07\/STEINKETTE-EIBE-Eichel-Acorn-Mondstein-MIDI-925-vergoldet-1-feat-600x600.jpg 600w, https:\/\/www.benevolenti.com\/wp-content\/uploads\/2024\/07\/STEINKETTE-EIBE-Eichel-Acorn-Mondstein-MIDI-925-vergoldet-1-feat-160x160.jpg 160w, https:\/\/www.benevolenti.com\/wp-content\/uploads\/2024\/07\/STEINKETTE-EIBE-Eichel-Acorn-Mondstein-MIDI-925-vergoldet-1-feat-50x50.jpg 50w\" sizes=\"auto, (max-width: 1726px) 100vw, 1726px\" \/><\/p>\n<p style=\"text-align: center;\"><span><b>*<\/b><\/span><\/p>\n<p style=\"text-align: center;\"><span>Ein<b><br \/>\nBENEVOLENTI<br \/>\n<\/b>besticht durch<\/span><\/p>\n<p style=\"text-align: center;\"><span>*<\/span><\/p>\n<p style=\"text-align: center;\"><span>naturbelassene Edelsteine<br \/>\nund ihre \u00fcberlieferten Wirkungen<br \/>\n<\/span><span>auf K\u00f6rper, Geist und Seele<\/span><\/p>\n<p style=\"text-align: center;\"><span>*<\/span><\/p>\n<p style=\"text-align: center;\">feinste Materialien wie<br \/>\nNaturseide, Leder, Holz,<br \/>\nund (vergoldetes) 925 Silber,<\/p>\n<p style=\"text-align: center;\">*<\/p>\n<p style=\"text-align: center;\">eine handgeschriebene,<br \/>\npersonalisierte Verpackung<\/p>\n<p style=\"text-align: center;\">*<\/p>\n<p style=\"text-align: center;\">und<br \/>\nleidenschaftliches Handwerk<br \/>\naus dem Z\u00fcrcher Kreis 6.<\/p>\n<p style=\"text-align: center;\">*<\/p>\n<p style=\"text-align: center;\">Ein<strong><br \/>\nBENEVOLENTI<br \/>\n<\/strong>ist ein einzigartiges Geschenk<br \/>\nf\u00fcr dich und deine Lieblingsmenschen.<\/p>\n<p style=\"text-align: center;\">*<\/p>\n","protected":false},"excerpt":{"rendered":"<p>Ein BENEVOLENTI ist ein pers\u00f6nlicher EDELSTEIN. * Gl\u00fccksstein Mutstein Kraftstein Schutzstein * Ein starker Begleiter f\u00fcr jeden Tag. * * Ein BENEVOLENTI besticht durch * naturbelassene Edelsteine und ihre \u00fcberlieferten Wirkungen auf K\u00f6rper, Geist und Seele * feinste Materialien wie Naturseide, Leder, Holz, und (vergoldetes) 925 Silber, * eine handgeschriebene,&#8230; <a class=\"more-link\" href=\"https:\/\/www.benevolenti.com\/de\/\">Mehr<\/a><\/p>\n","protected":false},"author":1,"featured_media":11555,"parent":0,"menu_order":27,"comment_status":"closed","ping_status":"open","template":"","meta":{"footnotes":""},"class_list":["post-7655","page","type-page","status-publish","has-post-thumbnail","hentry"],"jetpack_sharing_enabled":true,"_links":{"self":[{"href":"https:\/\/www.benevolenti.com\/de\/wp-json\/wp\/v2\/pages\/7655","targetHints":{"allow":["GET"]}}],"collection":[{"href":"https:\/\/www.benevolenti.com\/de\/wp-json\/wp\/v2\/pages"}],"about":[{"href":"https:\/\/www.benevolenti.com\/de\/wp-json\/wp\/v2\/types\/page"}],"author":[{"embeddable":true,"href":"https:\/\/www.benevolenti.com\/de\/wp-json\/wp\/v2\/users\/1"}],"replies":[{"embeddable":true,"href":"https:\/\/www.benevolenti.com\/de\/wp-json\/wp\/v2\/comments?post=7655"}],"version-history":[{"count":7,"href":"https:\/\/www.benevolenti.com\/de\/wp-json\/wp\/v2\/pages\/7655\/revisions"}],"predecessor-version":[{"id":23425,"href":"https:\/\/www.benevolenti.com\/de\/wp-json\/wp\/v2\/pages\/7655\/revisions\/23425"}],"wp:featuredmedia":[{"embeddable":true,"href":"https:\/\/www.benevolenti.com\/de\/wp-json\/wp\/v2\/media\/11555"}],"wp:attachment":[{"href":"https:\/\/www.benevolenti.com\/de\/wp-json\/wp\/v2\/media?parent=7655"}],"curies":[{"name":"wp","href":"https:\/\/api.w.org\/{rel}","templated":true}]}}