{"id":62,"date":"2011-04-19T07:34:53","date_gmt":"2011-04-19T07:34:53","guid":{"rendered":"http:\/\/localhost\/benevolenti\/?page_id=62"},"modified":"2026-02-03T09:55:03","modified_gmt":"2026-02-03T08:55:03","slug":"kontakt","status":"publish","type":"page","link":"https:\/\/www.benevolenti.com\/de\/kontakt\/","title":{"rendered":"Kontakt"},"content":{"rendered":"<p>Ich freue mich auf Deine Kontaktaufnahme!<\/p>\n<p>Mein Schmuckatelier an der <strong>Sonneggstrasse 49 in 8006 Z\u00fcrich<\/strong> hat keine fixen \u00d6ffnungszeiten. Aber ich wohne in der N\u00e4he und freue mich, dir auch spontan meine Schmuckst\u00fccke und Edelstein-Sammlung zu zeigen:<\/p>\n<p><strong>f\u00fcr kurzfristige Bs\u00fcechli: SMS 076*381*88*85.<br \/>\noder l\u00e4ngerfristige W\u00fcnsche: <a href=\"mailto:claudia@benevolenti.com\">claudia@benevolenti.com<\/a><\/strong><\/p>\n<p><strong>Das Entwerfen eines personalisierten Einzelst\u00fcckes ist auch online m\u00f6glich. <\/strong>Nach einem Mail mit den gew\u00fcnschten Stein-Wirkungen, Lieblingsfarben und Schmuckvorstellungen mache ich Vorschl\u00e4ge, wohin die Reise gehen kann. Nat\u00fcrlich kann auch ein kurzes Gespr\u00e4ch am Telefon erste Ideen festigen.<\/p>\n<p><strong>Ob f\u00fcr Arm-, Hals- oder Ohrschmuck, wir erschaffen zusammen einen starken, treuen Wegbegleiter.<\/strong><\/p>\n<p>&nbsp;<\/p>\n<p><span style=\"color: #b9c5a0; font-size: 24px;\">REPARATUREN\u00a0<\/span><\/p>\n<p>Qualit\u00e4t und Nachhaltigkeit sind mir ein grosses Anliegen und<\/p>\n<p><strong>nichts freut mich mehr, als wenn meine Schmuckst\u00fccke getragen werden. <\/strong><\/p>\n<p>Sie sollen treue Begleiter \u00fcber Jahre sein, daher repariere ich sehr gerne dein BENEVOLENTI zum Selbstkostenpreis, erfahrungsgem\u00e4ss zwischen 5 Fr. f\u00fcr ein Wunscharmband und bis 40 Franken f\u00fcr eine Horoskopkette.<\/p>\n<p>Reparaturen bitte mit einem Mail oder SMS ank\u00fcndigen (076*381*88*85<br \/>\noder <a href=\"mailto:claudia@benevolenti.com\">claudia@benevolenti.com)<\/a>\u00a0dann kann ich euch Details zum Schicken angeben.\u00a0<strong><\/strong><\/p>\n<p>&nbsp;<\/p>\n<p><span style=\"color: #b9c5a0; font-size: 24px;\">HIER GIBT ES NEWS<\/span><\/p>\n<p><strong><a href=\"https:\/\/www.instagram.com\/benevolentidesign\/\" style=\"transition-property: all; color: #b9c5a0; opacity: 0.75;\">INSTAGRAM<\/a><\/strong><\/p>\n<p>oder<\/p>\n<p><strong><a href=\"https:\/\/www.instagram.com\/benevolentidesign\/\" style=\"transition-property: all;\"><\/a><\/strong><strong><a href=\"http:\/\/eepurl.com\/Iszen\">NEWSLETTER\u00a0 <\/a><\/strong>(f\u00fcr BENEVOLENTI-News und Einladungen zum Adventsapero, max. 2-4x im Jahr)<\/p>\n<p>&nbsp;<\/p>\n<p><span style=\"color: #b9c5a0; font-size: 24px;\">VERKAUFSPUNKTE<\/span><\/p>\n<p><strong>Folgende L\u00e4den f\u00fchren eine ausgesuchte Auswahl von BENEVOLENTI:<\/strong><\/p>\n<p>&#8211; <a href=\"https:\/\/verdissimoshop.ch\"><strong>Caff\u00e8 Verde<\/strong><\/a>, Forchstrasse 136, Zollikerberg<br \/>\n&#8211; <a href=\"https:\/\/www.casteljac.ch\/\"><strong>CASTELJAC<\/strong><\/a>, Dorfstrasse 33, Richterswil<br \/>\n&#8211; <a href=\"https:\/\/www.eloni.ch\"><strong>ELONI<\/strong><\/a>,\u00a0Zollstrasse 59, 8005 Z\u00fcrich<br \/>\n&#8211; <strong><a href=\"https:\/\/www.heimatwerk.ch\">HEIMATWERK<\/a><\/strong>, Uraniastrasse 1, 8001 Z\u00fcrich (Schweizer Steine)<br \/>\n&#8211; <strong><a href=\"http:\/\/www.nook-zh.ch\">NOOK<\/a><\/strong>, Oberdorfstr. 26, 8001 Z\u00fcrich (KINDER)<\/p>\n<p>Die ganze Auswahl an BENEVOLENTI gibt es ohne Versandkosten auf dieser Website oder bei mir im Atelier.<\/p>\n<p>&nbsp;<\/p>\n","protected":false},"excerpt":{"rendered":"<p>Ich freue mich auf Deine Kontaktaufnahme! Mein Schmuckatelier an der Sonneggstrasse 49 in 8006 Z\u00fcrich hat keine fixen \u00d6ffnungszeiten. Aber ich wohne in der N\u00e4he und freue mich, dir auch spontan meine Schmuckst\u00fccke und Edelstein-Sammlung zu zeigen: f\u00fcr kurzfristige Bs\u00fcechli: SMS 076*381*88*85. oder l\u00e4ngerfristige W\u00fcnsche: claudia@benevolenti.com Das Entwerfen eines personalisierten&#8230; <a class=\"more-link\" href=\"https:\/\/www.benevolenti.com\/de\/kontakt\/\">Mehr<\/a><\/p>\n","protected":false},"author":1,"featured_media":0,"parent":0,"menu_order":19,"comment_status":"closed","ping_status":"closed","template":"","meta":{"footnotes":""},"class_list":["post-62","page","type-page","status-publish","hentry"],"jetpack_sharing_enabled":true,"_links":{"self":[{"href":"https:\/\/www.benevolenti.com\/de\/wp-json\/wp\/v2\/pages\/62","targetHints":{"allow":["GET"]}}],"collection":[{"href":"https:\/\/www.benevolenti.com\/de\/wp-json\/wp\/v2\/pages"}],"about":[{"href":"https:\/\/www.benevolenti.com\/de\/wp-json\/wp\/v2\/types\/page"}],"author":[{"embeddable":true,"href":"https:\/\/www.benevolenti.com\/de\/wp-json\/wp\/v2\/users\/1"}],"replies":[{"embeddable":true,"href":"https:\/\/www.benevolenti.com\/de\/wp-json\/wp\/v2\/comments?post=62"}],"version-history":[{"count":16,"href":"https:\/\/www.benevolenti.com\/de\/wp-json\/wp\/v2\/pages\/62\/revisions"}],"predecessor-version":[{"id":23327,"href":"https:\/\/www.benevolenti.com\/de\/wp-json\/wp\/v2\/pages\/62\/revisions\/23327"}],"wp:attachment":[{"href":"https:\/\/www.benevolenti.com\/de\/wp-json\/wp\/v2\/media?parent=62"}],"curies":[{"name":"wp","href":"https:\/\/api.w.org\/{rel}","templated":true}]}}