{"id":469,"date":"2011-05-13T11:48:17","date_gmt":"2011-05-13T11:48:17","guid":{"rendered":"https:\/\/www.benevolenti.com\/?page_id=469"},"modified":"2025-10-28T16:20:47","modified_gmt":"2025-10-28T15:20:47","slug":"fragen","status":"publish","type":"page","link":"https:\/\/www.benevolenti.com\/de\/uber-uns\/fragen\/","title":{"rendered":"Fragen"},"content":{"rendered":"<p><em><strong>Wie viel kostet Porto und Verpackung?<br \/>\n<\/strong><\/em>BENEVOLENTI \u00fcbernimmt das Porto und die Verpackung f\u00fcr die B-Post Lieferung in die Schweiz. Gerne kann ich auch ins Ausland liefern, die Kosten f\u00fcr die Lieferung belaufen sich auf 10 Franken extra.<\/p>\n<p>&nbsp;<\/p>\n<p><em><strong>Wie lange dauert es, bis ich mein BENEVOLENTI verschenken kann?<br \/>\n<\/strong><\/em>Alle BENEVOLENTI werden erst nach Eingang der Bestellung angefertigt, deshalb kommt die Lieferung ca. 1 Woche nach Bestellung an. Lass mich wissen, wenn es dr\u00e4ngt! Gerne schicke ich <span class=\"s1\">d<\/span>eine Bestellung auch direkt an die <span class=\"s1\">Wunschadresse<\/span>, <span class=\"s1\">mit pers\u00f6nlichen Widmung.<\/span><\/p>\n<p>&nbsp;<\/p>\n<p><em><strong>Woher bezieht BENEVOLENTI seine Steine?<br \/>\n<\/strong><\/em>Ich kaufe die Steine f\u00fcr BENEVOLENTI in der Schweiz ein, bei den H\u00e4ndlern meines Vertrauens, welche die ganze Welt bereisen auf der Suche nach den sch\u00f6nsten Steinen, pers\u00f6nlich Minen besuchen und so die Arbeitsverh\u00e4ltnisse vor Ort kennen. Wichtig ist f\u00fcr mich, weil ich mit den Wirkungen der Steinen arbeite, dass diese naturbelassen sind.<\/p>\n<p>&nbsp;<\/p>\n<p><em><strong>Woher kommen die Beschreibungen der Steinwirkung? \u00dcbernimmt BENEVOLENTI die Garantie f\u00fcr die Wirkung?<\/strong><\/em><br \/>\nBENEVOLENTI verl\u00e4sst sich bei der Beschreibung der Steinwirkungen auf die Forschung von Michael Gienger und seinem Team, die die analytische Steinheilkunde begr\u00fcndeten. So sind in der Schweiz und in Deutschland immer noch Steinkreise als Vereine organisiert, die sich regelm\u00e4ssig treffen f\u00fcr weiterf\u00fchrende empirische Forschungen. Auch meine Ausbildung in Steinheilkunde habe ich bei Dagmar Fleck, der langj\u00e4hrigen Mitarbeiterin von Michael Gienger, gemacht.<\/p>\n<p>BENEVOLENTI kann keine Garantie f\u00fcr die beschriebenen Wirkungen \u00fcbernehmen. Steine ersetzen auch nicht den Gang zum Doktor! Gleichzeitig bin ich jedoch der festen \u00dcberzeugung, dass nur schon ein von Herzen kommender Wunsch und der Glaube an eine Wirkung, Berge versetzen kann.<\/p>\n<p>&nbsp;<\/p>\n<p><em><strong>Muss ich meine BENEVOLENTIs reinigen?<\/strong><\/em><br \/>\nDie Steinheilkunde sagt, dass alle Steine, die getragen werden, Spannungen aufnehmen und daher gepflegt werden sollten. Werden Heilsteine \u00fcber einen l\u00e4ngeren Zeitraum ohne Entladung und Reinigung als Schmuck getragen, kann davon ausgegangen werden, dass ihre Heilkraft zunehmend nachl\u00e4sst. Auch erlebe ich immer wieder, dass Steine zerspringen, wenn sie nicht regelm\u00e4ssig unter fliessendem Wasser gereinigt werden. Sie k\u00f6nnen die aufgenommenen Spannungen nicht mehr abgeben und brechen.<\/p>\n<p>&nbsp;<\/p>\n<p>&nbsp;<\/p>\n","protected":false},"excerpt":{"rendered":"<p>Wie viel kostet Porto und Verpackung? BENEVOLENTI \u00fcbernimmt das Porto und die Verpackung f\u00fcr die B-Post Lieferung in die Schweiz. Gerne kann ich auch ins Ausland liefern, die Kosten f\u00fcr die Lieferung belaufen sich auf 10 Franken extra. &nbsp; Wie lange dauert es, bis ich mein BENEVOLENTI verschenken kann? Alle&#8230; <a class=\"more-link\" href=\"https:\/\/www.benevolenti.com\/de\/uber-uns\/fragen\/\">Mehr<\/a><\/p>\n","protected":false},"author":1,"featured_media":0,"parent":315,"menu_order":0,"comment_status":"closed","ping_status":"open","template":"","meta":{"footnotes":""},"class_list":["post-469","page","type-page","status-publish","hentry"],"jetpack_sharing_enabled":true,"_links":{"self":[{"href":"https:\/\/www.benevolenti.com\/de\/wp-json\/wp\/v2\/pages\/469","targetHints":{"allow":["GET"]}}],"collection":[{"href":"https:\/\/www.benevolenti.com\/de\/wp-json\/wp\/v2\/pages"}],"about":[{"href":"https:\/\/www.benevolenti.com\/de\/wp-json\/wp\/v2\/types\/page"}],"author":[{"embeddable":true,"href":"https:\/\/www.benevolenti.com\/de\/wp-json\/wp\/v2\/users\/1"}],"replies":[{"embeddable":true,"href":"https:\/\/www.benevolenti.com\/de\/wp-json\/wp\/v2\/comments?post=469"}],"version-history":[{"count":8,"href":"https:\/\/www.benevolenti.com\/de\/wp-json\/wp\/v2\/pages\/469\/revisions"}],"predecessor-version":[{"id":22284,"href":"https:\/\/www.benevolenti.com\/de\/wp-json\/wp\/v2\/pages\/469\/revisions\/22284"}],"up":[{"embeddable":true,"href":"https:\/\/www.benevolenti.com\/de\/wp-json\/wp\/v2\/pages\/315"}],"wp:attachment":[{"href":"https:\/\/www.benevolenti.com\/de\/wp-json\/wp\/v2\/media?parent=469"}],"curies":[{"name":"wp","href":"https:\/\/api.w.org\/{rel}","templated":true}]}}