{"id":463,"date":"2011-05-13T11:45:37","date_gmt":"2011-05-13T09:45:37","guid":{"rendered":"https:\/\/www.benevolenti.com\/?page_id=463"},"modified":"2025-01-06T10:02:41","modified_gmt":"2025-01-06T09:02:41","slug":"lederbander","status":"publish","type":"page","link":"https:\/\/www.benevolenti.com\/de\/accessoires\/lederbander\/","title":{"rendered":"Lederb\u00e4nder"},"content":{"rendered":"<p>Aus feinstem Ziegenleder und edlem 925-Silber von Hand gefertigt, sind unsere Lederb\u00e4nder die ideale Art, einen BENEVOLENTI Anh\u00e4nger zu tragen. 5 Mal um die Hand gewickelt, k\u00f6nnen Sie als Armband getragen werden und so ein BENEVOLENTI Steinarmband geschmackvoll begleiten.<\/p>\n<p>Sehen Sie unten die Standard-Farben, z\u00f6gern Sie aber nicht, uns f\u00fcr eine spezielle Farbe zu kontaktieren.<br \/>\n<a><br \/>\n<\/a><\/p>\n<div style=\"float: left;\">\n<p><a href=\"https:\/\/www.benevolenti.com\/wp-content\/uploads\/2011\/06\/leather_brown_p.jpg\"><img loading=\"lazy\" decoding=\"async\" class=\"alignleft size-full wp-image-514\" title=\"Braun\" src=\"https:\/\/www.benevolenti.com\/wp-content\/uploads\/2011\/06\/leather_brown_p.jpg\" alt=\"\" width=\"146\" height=\"97\" \/><\/a>Braunes Leder, 4mm, Enden und Karabiner aus Silber.<br \/>\nL\u00e4nge 90 cm.<br \/>\n<a href=\"https:\/\/www.benevolenti.com\/de\/Produkt\/leder-armband\/\"> <img loading=\"lazy\" decoding=\"async\" class=\"alignleft size-full wp-image-235\" src=\"https:\/\/www.benevolenti.com\/wp-content\/uploads\/2011\/06\/kaufen.png\" alt=\"\" width=\"60\" height=\"20\" \/><\/a><br \/>\n<a><br \/>\n<\/a><br \/>\n<a href=\"https:\/\/www.benevolenti.com\/wp-content\/uploads\/2011\/06\/leather_grey_p.jpg\"><img loading=\"lazy\" decoding=\"async\" class=\"alignleft size-full wp-image-514\" title=\"Grau\" src=\"https:\/\/www.benevolenti.com\/wp-content\/uploads\/2011\/06\/leather_grey_p.jpg\" alt=\"\" width=\"146\" height=\"97\" \/><\/a>Graues Leder, 4mm, Enden und Karabiner aus Silber.<br \/>\nL\u00e4nge 90 cm.<br \/>\n<a href=\"https:\/\/www.benevolenti.com\/de\/Produkt\/leder-armband-2\/\"> <img loading=\"lazy\" decoding=\"async\" class=\"alignleft size-full wp-image-235\" src=\"https:\/\/www.benevolenti.com\/wp-content\/uploads\/2011\/06\/kaufen.png\" alt=\"\" width=\"60\" height=\"20\" \/><\/a><br \/>\n<a><br \/>\n<\/a><\/p>\n<\/div>\n<div style=\"float: left;\"><a href=\"https:\/\/www.benevolenti.com\/wp-content\/uploads\/2011\/06\/leather_black_p.jpg\"><img loading=\"lazy\" decoding=\"async\" class=\"alignleft size-full wp-image-514\" title=\"Schwarz\" src=\"https:\/\/www.benevolenti.com\/wp-content\/uploads\/2011\/06\/leather_black_p.jpg\" alt=\"\" width=\"146\" height=\"97\" \/><\/a>Schwarzes Leder, 4mm, Enden und Karabiner aus Silber.<br \/>\nL\u00e4nge 90 cm.<br \/>\n<a href=\"https:\/\/www.benevolenti.com\/de\/Produkt\/leder-armband-3\/\"> <img loading=\"lazy\" decoding=\"async\" class=\"alignleft size-full wp-image-235\" src=\"https:\/\/www.benevolenti.com\/wp-content\/uploads\/2011\/06\/kaufen.png\" alt=\"\" width=\"60\" height=\"20\" \/><\/a><a><br \/>\n<\/a><\/p>\n<div><a href=\"https:\/\/www.benevolenti.com\/wp-content\/uploads\/2011\/06\/leder_nude_p.jpg\"><img loading=\"lazy\" decoding=\"async\" class=\"alignleft size-full wp-image-514\" title=\"Nude\" src=\"https:\/\/www.benevolenti.com\/wp-content\/uploads\/2011\/06\/leder_nude_p.jpg\" alt=\"\" width=\"146\" height=\"97\" \/><\/a>Nude Leder, 4mm, Enden und Karabiner aus Silber.<br \/>\nL\u00e4nge 90 cm.<br \/>\n<a href=\"https:\/\/www.benevolenti.com\/de\/Produkt\/leder-armband-4\/\"> <img loading=\"lazy\" decoding=\"async\" class=\"alignleft size-full wp-image-235\" src=\"https:\/\/www.benevolenti.com\/wp-content\/uploads\/2011\/06\/kaufen.png\" alt=\"\" width=\"60\" height=\"20\" \/><\/a><\/div>\n<\/div>\n<div><\/div>\n<div><\/div>\n<div><\/div>\n","protected":false},"excerpt":{"rendered":"<p>Aus feinstem Ziegenleder und edlem 925-Silber von Hand gefertigt, sind unsere Lederb\u00e4nder die ideale Art, einen BENEVOLENTI Anh\u00e4nger zu tragen. 5 Mal um die Hand gewickelt, k\u00f6nnen Sie als Armband getragen werden und so ein BENEVOLENTI Steinarmband geschmackvoll begleiten. Sehen Sie unten die Standard-Farben, z\u00f6gern Sie aber nicht, uns f\u00fcr&#8230; <a class=\"more-link\" href=\"https:\/\/www.benevolenti.com\/de\/accessoires\/lederbander\/\">Mehr<\/a><\/p>\n","protected":false},"author":1,"featured_media":1834,"parent":460,"menu_order":0,"comment_status":"closed","ping_status":"closed","template":"","meta":{"footnotes":""},"class_list":["post-463","page","type-page","status-publish","has-post-thumbnail","hentry"],"jetpack_sharing_enabled":true,"_links":{"self":[{"href":"https:\/\/www.benevolenti.com\/de\/wp-json\/wp\/v2\/pages\/463","targetHints":{"allow":["GET"]}}],"collection":[{"href":"https:\/\/www.benevolenti.com\/de\/wp-json\/wp\/v2\/pages"}],"about":[{"href":"https:\/\/www.benevolenti.com\/de\/wp-json\/wp\/v2\/types\/page"}],"author":[{"embeddable":true,"href":"https:\/\/www.benevolenti.com\/de\/wp-json\/wp\/v2\/users\/1"}],"replies":[{"embeddable":true,"href":"https:\/\/www.benevolenti.com\/de\/wp-json\/wp\/v2\/comments?post=463"}],"version-history":[{"count":2,"href":"https:\/\/www.benevolenti.com\/de\/wp-json\/wp\/v2\/pages\/463\/revisions"}],"predecessor-version":[{"id":22239,"href":"https:\/\/www.benevolenti.com\/de\/wp-json\/wp\/v2\/pages\/463\/revisions\/22239"}],"up":[{"embeddable":true,"href":"https:\/\/www.benevolenti.com\/de\/wp-json\/wp\/v2\/pages\/460"}],"wp:featuredmedia":[{"embeddable":true,"href":"https:\/\/www.benevolenti.com\/de\/wp-json\/wp\/v2\/media\/1834"}],"wp:attachment":[{"href":"https:\/\/www.benevolenti.com\/de\/wp-json\/wp\/v2\/media?parent=463"}],"curies":[{"name":"wp","href":"https:\/\/api.w.org\/{rel}","templated":true}]}}