{"id":460,"date":"2011-05-13T11:45:10","date_gmt":"2011-05-13T09:45:10","guid":{"rendered":"https:\/\/www.benevolenti.com\/?page_id=460"},"modified":"2025-01-06T10:02:17","modified_gmt":"2025-01-06T09:02:17","slug":"accessoires","status":"publish","type":"page","link":"https:\/\/www.benevolenti.com\/de\/accessoires\/","title":{"rendered":"Accessoires"},"content":{"rendered":"<p>F\u00fcr die BENEVOLENTI Anh\u00e4nger k\u00f6nnen verschiedene Tragformen gew\u00e4hlt werden. So sind Lederb\u00e4nder, Silberketten oder auch Seidenb\u00e4nder ideale M\u00f6glichkeiten, die Anh\u00e4nger bei sich zu haben. Lassen Sie sich verf\u00fchren von unseren Vorschl\u00e4gen, oder kontaktieren Sie uns, wenn Sie einen ganz pers\u00f6nlichen Farb- oder Trage-Traum verwirklichen m\u00f6chten.<\/p>\n","protected":false},"excerpt":{"rendered":"<p>F\u00fcr die BENEVOLENTI Anh\u00e4nger k\u00f6nnen verschiedene Tragformen gew\u00e4hlt werden. So sind Lederb\u00e4nder, Silberketten oder auch Seidenb\u00e4nder ideale M\u00f6glichkeiten, die Anh\u00e4nger bei sich zu haben. Lassen Sie sich verf\u00fchren von unseren Vorschl\u00e4gen, oder kontaktieren Sie uns, wenn Sie einen ganz pers\u00f6nlichen Farb- oder Trage-Traum verwirklichen m\u00f6chten.<\/p>\n","protected":false},"author":1,"featured_media":0,"parent":0,"menu_order":0,"comment_status":"closed","ping_status":"closed","template":"","meta":{"footnotes":""},"class_list":["post-460","page","type-page","status-publish","hentry"],"jetpack_sharing_enabled":true,"_links":{"self":[{"href":"https:\/\/www.benevolenti.com\/de\/wp-json\/wp\/v2\/pages\/460","targetHints":{"allow":["GET"]}}],"collection":[{"href":"https:\/\/www.benevolenti.com\/de\/wp-json\/wp\/v2\/pages"}],"about":[{"href":"https:\/\/www.benevolenti.com\/de\/wp-json\/wp\/v2\/types\/page"}],"author":[{"embeddable":true,"href":"https:\/\/www.benevolenti.com\/de\/wp-json\/wp\/v2\/users\/1"}],"replies":[{"embeddable":true,"href":"https:\/\/www.benevolenti.com\/de\/wp-json\/wp\/v2\/comments?post=460"}],"version-history":[{"count":2,"href":"https:\/\/www.benevolenti.com\/de\/wp-json\/wp\/v2\/pages\/460\/revisions"}],"predecessor-version":[{"id":22326,"href":"https:\/\/www.benevolenti.com\/de\/wp-json\/wp\/v2\/pages\/460\/revisions\/22326"}],"wp:attachment":[{"href":"https:\/\/www.benevolenti.com\/de\/wp-json\/wp\/v2\/media?parent=460"}],"curies":[{"name":"wp","href":"https:\/\/api.w.org\/{rel}","templated":true}]}}