{"id":313,"date":"2011-04-29T11:24:22","date_gmt":"2011-04-29T11:24:22","guid":{"rendered":"https:\/\/www.benevolenti.com\/inspiration-und-vision\/"},"modified":"2024-07-08T11:00:15","modified_gmt":"2024-07-08T09:00:15","slug":"inspiration-und-vision","status":"publish","type":"page","link":"https:\/\/www.benevolenti.com\/de\/uber-uns\/inspiration-und-vision\/","title":{"rendered":"Inspiration"},"content":{"rendered":"<p>BENEVOLENTI kommt vom lateinischen \u201ebenevolens\u201c und bedeutet GUTES WOLLEND.<\/p>\n<p>In der heutigen sehr schnellen, virtuellen und deshalb auch einsamen Zeit wird das Kommunizieren von Gef\u00fchlen immer ungewohnter. Eigentlich w\u00fcrde man ab und zu gerne sein Mitgef\u00fchl und seine Unterst\u00fctzung zeigen, aber wie?<\/p>\n<p>Meine Vision ist es, mit den W\u00fcnschen und Schmuckst\u00fccken, die ich mir ausdenke und die verschenkt werden, die Welt ein ganz klein bisschen menschlicher, herzlicher und gl\u00fccklicher zu machen.<\/p>\n<p>&#8230;und ich bin fest davon \u00fcberzeugt, dass<\/p>\n<p>\u2022 kleine W\u00fcnsche eine grosse Wirkung haben k\u00f6nnen,<br \/>\n\u2022 viele grosse Wirkungen etwas in Bewegung setzen k\u00f6nnen,<br \/>\n\u2022 eine Bewegung die Welt ver\u00e4ndern kann<\/p>\n","protected":false},"excerpt":{"rendered":"<p>BENEVOLENTI kommt vom lateinischen \u201ebenevolens\u201c und bedeutet GUTES WOLLEND. In der heutigen sehr schnellen, virtuellen und deshalb auch einsamen Zeit wird das Kommunizieren von Gef\u00fchlen immer ungewohnter. Eigentlich w\u00fcrde man ab und zu gerne sein Mitgef\u00fchl und seine Unterst\u00fctzung zeigen, aber wie? Meine Vision ist es, mit den W\u00fcnschen und&#8230; <a class=\"more-link\" href=\"https:\/\/www.benevolenti.com\/de\/uber-uns\/inspiration-und-vision\/\">Mehr<\/a><\/p>\n","protected":false},"author":1,"featured_media":0,"parent":315,"menu_order":0,"comment_status":"closed","ping_status":"open","template":"","meta":{"footnotes":""},"class_list":["post-313","page","type-page","status-publish","hentry"],"jetpack_sharing_enabled":true,"_links":{"self":[{"href":"https:\/\/www.benevolenti.com\/de\/wp-json\/wp\/v2\/pages\/313","targetHints":{"allow":["GET"]}}],"collection":[{"href":"https:\/\/www.benevolenti.com\/de\/wp-json\/wp\/v2\/pages"}],"about":[{"href":"https:\/\/www.benevolenti.com\/de\/wp-json\/wp\/v2\/types\/page"}],"author":[{"embeddable":true,"href":"https:\/\/www.benevolenti.com\/de\/wp-json\/wp\/v2\/users\/1"}],"replies":[{"embeddable":true,"href":"https:\/\/www.benevolenti.com\/de\/wp-json\/wp\/v2\/comments?post=313"}],"version-history":[{"count":1,"href":"https:\/\/www.benevolenti.com\/de\/wp-json\/wp\/v2\/pages\/313\/revisions"}],"predecessor-version":[{"id":21124,"href":"https:\/\/www.benevolenti.com\/de\/wp-json\/wp\/v2\/pages\/313\/revisions\/21124"}],"up":[{"embeddable":true,"href":"https:\/\/www.benevolenti.com\/de\/wp-json\/wp\/v2\/pages\/315"}],"wp:attachment":[{"href":"https:\/\/www.benevolenti.com\/de\/wp-json\/wp\/v2\/media?parent=313"}],"curies":[{"name":"wp","href":"https:\/\/api.w.org\/{rel}","templated":true}]}}