{"id":312,"date":"2011-04-29T11:23:32","date_gmt":"2011-04-29T11:23:32","guid":{"rendered":"https:\/\/www.benevolenti.com\/geschichte\/"},"modified":"2024-07-08T10:58:45","modified_gmt":"2024-07-08T08:58:45","slug":"geschichte","status":"publish","type":"page","link":"https:\/\/www.benevolenti.com\/de\/uber-uns\/geschichte\/","title":{"rendered":"Geschichte"},"content":{"rendered":"<p>Die Geschichte von BENEVOLENTI beginnt im Jahr 2005 in Boston. Ein erster Stein mit einem grossen Wunsch wird verschenkt.<\/p>\n<p>Der Steinkreis breitet sich von da \u00fcber Z\u00fcrich immer weiter aus, beginnt bei Freunden, f\u00fchrt \u00fcber einen geschmackvollen, sehr sympathisch gef\u00fchrten Laden zu Dritten und hat nun ins Internet und zu leidenschaftlich gef\u00fchrten L\u00e4den gefunden. Die Welle ist angestossen und bereit, sich weiter auszubreiten.<\/p>\n","protected":false},"excerpt":{"rendered":"<p>Die Geschichte von BENEVOLENTI beginnt im Jahr 2005 in Boston. Ein erster Stein mit einem grossen Wunsch wird verschenkt. Der Steinkreis breitet sich von da \u00fcber Z\u00fcrich immer weiter aus, beginnt bei Freunden, f\u00fchrt \u00fcber einen geschmackvollen, sehr sympathisch gef\u00fchrten Laden zu Dritten und hat nun ins Internet und zu&#8230; <a class=\"more-link\" href=\"https:\/\/www.benevolenti.com\/de\/uber-uns\/geschichte\/\">Mehr<\/a><\/p>\n","protected":false},"author":1,"featured_media":0,"parent":315,"menu_order":0,"comment_status":"closed","ping_status":"open","template":"","meta":{"footnotes":""},"class_list":["post-312","page","type-page","status-publish","hentry"],"jetpack_sharing_enabled":true,"_links":{"self":[{"href":"https:\/\/www.benevolenti.com\/de\/wp-json\/wp\/v2\/pages\/312","targetHints":{"allow":["GET"]}}],"collection":[{"href":"https:\/\/www.benevolenti.com\/de\/wp-json\/wp\/v2\/pages"}],"about":[{"href":"https:\/\/www.benevolenti.com\/de\/wp-json\/wp\/v2\/types\/page"}],"author":[{"embeddable":true,"href":"https:\/\/www.benevolenti.com\/de\/wp-json\/wp\/v2\/users\/1"}],"replies":[{"embeddable":true,"href":"https:\/\/www.benevolenti.com\/de\/wp-json\/wp\/v2\/comments?post=312"}],"version-history":[{"count":1,"href":"https:\/\/www.benevolenti.com\/de\/wp-json\/wp\/v2\/pages\/312\/revisions"}],"predecessor-version":[{"id":21123,"href":"https:\/\/www.benevolenti.com\/de\/wp-json\/wp\/v2\/pages\/312\/revisions\/21123"}],"up":[{"embeddable":true,"href":"https:\/\/www.benevolenti.com\/de\/wp-json\/wp\/v2\/pages\/315"}],"wp:attachment":[{"href":"https:\/\/www.benevolenti.com\/de\/wp-json\/wp\/v2\/media?parent=312"}],"curies":[{"name":"wp","href":"https:\/\/api.w.org\/{rel}","templated":true}]}}