{"id":311,"date":"2011-04-29T11:22:36","date_gmt":"2011-04-29T11:22:36","guid":{"rendered":"https:\/\/www.benevolenti.com\/pflege\/"},"modified":"2024-07-08T11:02:01","modified_gmt":"2024-07-08T09:02:01","slug":"pflege","status":"publish","type":"page","link":"https:\/\/www.benevolenti.com\/de\/uber-uns\/pflege\/","title":{"rendered":"Pflege"},"content":{"rendered":"<p class=\"p1\">Bevor die Steine mich verlassen, reinige ich sie sorgf\u00e4ltig. Alle Einfl\u00fcsse auf sie von der Gewinnung bis hin zum Handel neutralisiere ich und lade die Steine mit positiver Energie auf. Die regelm\u00e4ssige Pflege eines BENEVOLENTI hilft, dass die Wirkung der Steine nachhaltig bleibt und die Steine nicht durch aufgenommene Spannungen auseinander brechen.<\/p>\n<p>&nbsp;<\/p>\n<p class=\"p1\"><strong>Folgende Pflege empfehle ich mindestens monatlich oder \u00f6fter durchzuf\u00fchren, insbesondere wenn die Steine ununterbrochen getragen werden:<\/strong><\/p>\n<p>&nbsp;<\/p>\n<p><strong>Statisches Entladen<br \/>\n<\/strong>Viele Steine nehmen bei direktem K\u00f6rperkontakt statische Ladung auf, die sich in Form von W\u00e4rme (Bernstein) oder magnetischer Anziehung <span class=\"s1\">beziehungsweise <\/span>Abstossung (Turmalin) bemerkbar macht. Unter dem Wasserhahn kann diese<span class=\"s1\"> Ladung<span class=\"Apple-converted-space\">\u00a0<\/span>entladen <\/span>werden. <span class=\"s1\">Man<\/span> reibt die Steine unter lauwarmem Wasser mit den Fingern, bis sie sich stumpf anf\u00fchlen. <span class=\"s1\">Anschliessend werden sie mit einem Baumwolltuch trocken gerieben, damit es keine Kalkflecken gibt, und dann noch vollst\u00e4ndig an der Luft getrocknet.<\/span><\/p>\n<p>&nbsp;<\/p>\n<p><strong>Reinigen<br \/>\n<\/strong>Steine speichern auch Informationen \u2013 die nach dem statischen Entladen noch vorhanden sind. Zum vollst\u00e4ndigen L\u00f6schen k\u00f6nnen BENEVOLENTI \u00fcber Nacht auf eine Amethystdruse gelegt werden.<span class=\"Apple-converted-space\">\u00a0<\/span>Alternativ k\u00f6nnen die Steine f\u00fcr<span class=\"Apple-converted-space\">\u00a0 <\/span>1-3h in ein Glassch\u00e4lchen gelegt werden, welches in einer grossen Schale mit<span class=\"Apple-converted-space\">\u00a0<\/span>grobk\u00f6rnigem Meersalz platziert wird.<span class=\"Apple-converted-space\">\u00a0<\/span>Bevor ein BENEVOLENTI mein Atelier verl\u00e4sst,<span class=\"s1\">\u00a0liegt es in der Klangschale, weil die Schwingungen des Steins durch den Klang der Klangschale wieder in ihren urspr\u00fcnglichen Zustand gebracht werden<\/span><span class=\"s2\">. <\/span>Dadurch<span class=\"Apple-converted-space\">\u00a0<\/span>werden die Steine von den restlichen Fremdinformationen gereinigt.<\/p>\n<p>&nbsp;<\/p>\n<p><strong>Aufladen<\/strong><br \/>\nDa die Intensit\u00e4t der Abstrahlung eines Steins in Zusammenhang mit der aufgenommenen Energie steht, kann seine Wirkung durch gezieltes Aufladen verst\u00e4rkt werden. Lade dein BENEVOLENTI auf durch Licht &#8211; Morgen- oder Abendlicht &#8211; oder W\u00e4rme.<\/p>\n<p class=\"p1\">Oder lege dein BENEVOLENTI auf das Bild der \u201eBlume des Lebens\u201c. Klicke auf das untenstehende Bild und drucke es aus oder benutze das Bild, welches sich in jeder meiner Schmuckschachteln befindet.<\/p>\n<p><img loading=\"lazy\" decoding=\"async\" src=\"https:\/\/www.benevolenti.com\/wp-content\/uploads\/2018\/10\/placeholder2.jpg\" alt=\"\" width=\"50\" height=\"28\" class=\"aligncenter wp-image-14523\" srcset=\"https:\/\/www.benevolenti.com\/wp-content\/uploads\/2018\/10\/placeholder2.jpg 438w, https:\/\/www.benevolenti.com\/wp-content\/uploads\/2018\/10\/placeholder2-300x168.jpg 300w\" sizes=\"auto, (max-width: 50px) 100vw, 50px\" \/><\/p>\n<p><a class=\"thickbox preview_link\" rel=\"Pflege\" href=\"https:\/\/www.benevolenti.com\/wp-content\/uploads\/2011\/06\/blumegr\u00f6sser.png\"><img loading=\"lazy\" decoding=\"async\" class=\"size-full wp-image-610 aligncenter\" title=\"Blume des Lebens\" src=\"https:\/\/www.benevolenti.com\/wp-content\/uploads\/2011\/04\/gems-small.jpg\" alt=\"\" width=\"255\" height=\"256\" \/><img loading=\"lazy\" decoding=\"async\" src=\"https:\/\/www.benevolenti.com\/wp-content\/uploads\/2018\/10\/placeholder2.jpg\" alt=\"\" width=\"50\" height=\"28\" class=\"aligncenter wp-image-14523\" srcset=\"https:\/\/www.benevolenti.com\/wp-content\/uploads\/2018\/10\/placeholder2.jpg 438w, https:\/\/www.benevolenti.com\/wp-content\/uploads\/2018\/10\/placeholder2-300x168.jpg 300w\" sizes=\"auto, (max-width: 50px) 100vw, 50px\" \/><\/a><\/p>\n","protected":false},"excerpt":{"rendered":"<p>Bevor die Steine mich verlassen, reinige ich sie sorgf\u00e4ltig. Alle Einfl\u00fcsse auf sie von der Gewinnung bis hin zum Handel neutralisiere ich und lade die Steine mit positiver Energie auf. Die regelm\u00e4ssige Pflege eines BENEVOLENTI hilft, dass die Wirkung der Steine nachhaltig bleibt und die Steine nicht durch aufgenommene Spannungen&#8230; <a class=\"more-link\" href=\"https:\/\/www.benevolenti.com\/de\/uber-uns\/pflege\/\">Mehr<\/a><\/p>\n","protected":false},"author":1,"featured_media":0,"parent":315,"menu_order":0,"comment_status":"closed","ping_status":"open","template":"","meta":{"footnotes":""},"class_list":["post-311","page","type-page","status-publish","hentry"],"jetpack_sharing_enabled":true,"_links":{"self":[{"href":"https:\/\/www.benevolenti.com\/de\/wp-json\/wp\/v2\/pages\/311","targetHints":{"allow":["GET"]}}],"collection":[{"href":"https:\/\/www.benevolenti.com\/de\/wp-json\/wp\/v2\/pages"}],"about":[{"href":"https:\/\/www.benevolenti.com\/de\/wp-json\/wp\/v2\/types\/page"}],"author":[{"embeddable":true,"href":"https:\/\/www.benevolenti.com\/de\/wp-json\/wp\/v2\/users\/1"}],"replies":[{"embeddable":true,"href":"https:\/\/www.benevolenti.com\/de\/wp-json\/wp\/v2\/comments?post=311"}],"version-history":[{"count":5,"href":"https:\/\/www.benevolenti.com\/de\/wp-json\/wp\/v2\/pages\/311\/revisions"}],"predecessor-version":[{"id":14571,"href":"https:\/\/www.benevolenti.com\/de\/wp-json\/wp\/v2\/pages\/311\/revisions\/14571"}],"up":[{"embeddable":true,"href":"https:\/\/www.benevolenti.com\/de\/wp-json\/wp\/v2\/pages\/315"}],"wp:attachment":[{"href":"https:\/\/www.benevolenti.com\/de\/wp-json\/wp\/v2\/media?parent=311"}],"curies":[{"name":"wp","href":"https:\/\/api.w.org\/{rel}","templated":true}]}}