{"id":2809,"date":"2011-11-28T23:57:25","date_gmt":"2011-11-28T22:57:25","guid":{"rendered":"https:\/\/www.benevolenti.com\/wunsche-2\/accessoires\/silberbracelet\/"},"modified":"2024-07-08T10:42:20","modified_gmt":"2024-07-08T08:42:20","slug":"silber-armband","status":"publish","type":"page","link":"https:\/\/www.benevolenti.com\/de\/silber-armband\/","title":{"rendered":"Silber Armband"},"content":{"rendered":"<p>BENEVOLENTI Silber Bracelet, ideal f\u00fcr eine Kombination mit einem BENEVOLENTI Anh\u00e4nger.<\/p>\n<div style=\"float: left;\"><a href=\"https:\/\/www.benevolenti.com\/wp-content\/uploads\/2011\/09\/laura_p.jpg\"><img loading=\"lazy\" decoding=\"async\" class=\"alignleft size-full wp-image-565\" style=\"max-width: 30%; height: auto; margin-right: 20px;\" title=\"Silber Bracelet mit Schutz-Anh\u00e4nger\" alt=\"\" src=\"https:\/\/www.benevolenti.com\/wp-content\/uploads\/2011\/09\/laura_p.jpg\" width=\"483\" height=\"331\" \/><\/a>Silber Bracelet.<br \/>\nDurchmesser 1.8 mm<br \/>\nL\u00e4nge 18 cm.<br \/>\n<a href=\"https:\/\/www.benevolenti.com\/de\/Produkt\/silberarmband\/\"> <img loading=\"lazy\" decoding=\"async\" class=\"alignleft size-full wp-image-235\" alt=\"\" src=\"https:\/\/www.benevolenti.com\/wp-content\/uploads\/2011\/06\/kaufen.png\" width=\"60\" height=\"20\" \/><\/a><\/div>\n<p><a href=\"https:\/\/www.benevolenti.com\/accessoires\/\"> <img loading=\"lazy\" decoding=\"async\" class=\"alignleft size-full wp-image-238\" alt=\"\" src=\"https:\/\/www.benevolenti.com\/wp-content\/uploads\/2011\/06\/zur\u00fcck.png\" width=\"75\" height=\"24\" \/><\/a><\/p>\n","protected":false},"excerpt":{"rendered":"<p>BENEVOLENTI Silber Bracelet, ideal f\u00fcr eine Kombination mit einem BENEVOLENTI Anh\u00e4nger. Silber Bracelet. Durchmesser 1.8 mm L\u00e4nge 18 cm.<\/p>\n","protected":false},"author":1,"featured_media":3788,"parent":0,"menu_order":0,"comment_status":"closed","ping_status":"open","template":"","meta":{"footnotes":""},"class_list":["post-2809","page","type-page","status-publish","has-post-thumbnail","hentry"],"jetpack_sharing_enabled":true,"_links":{"self":[{"href":"https:\/\/www.benevolenti.com\/de\/wp-json\/wp\/v2\/pages\/2809","targetHints":{"allow":["GET"]}}],"collection":[{"href":"https:\/\/www.benevolenti.com\/de\/wp-json\/wp\/v2\/pages"}],"about":[{"href":"https:\/\/www.benevolenti.com\/de\/wp-json\/wp\/v2\/types\/page"}],"author":[{"embeddable":true,"href":"https:\/\/www.benevolenti.com\/de\/wp-json\/wp\/v2\/users\/1"}],"replies":[{"embeddable":true,"href":"https:\/\/www.benevolenti.com\/de\/wp-json\/wp\/v2\/comments?post=2809"}],"version-history":[{"count":1,"href":"https:\/\/www.benevolenti.com\/de\/wp-json\/wp\/v2\/pages\/2809\/revisions"}],"predecessor-version":[{"id":21129,"href":"https:\/\/www.benevolenti.com\/de\/wp-json\/wp\/v2\/pages\/2809\/revisions\/21129"}],"wp:featuredmedia":[{"embeddable":true,"href":"https:\/\/www.benevolenti.com\/de\/wp-json\/wp\/v2\/media\/3788"}],"wp:attachment":[{"href":"https:\/\/www.benevolenti.com\/de\/wp-json\/wp\/v2\/media?parent=2809"}],"curies":[{"name":"wp","href":"https:\/\/api.w.org\/{rel}","templated":true}]}}