{"id":1103,"date":"2011-05-25T10:52:13","date_gmt":"2011-05-25T10:52:13","guid":{"rendered":"https:\/\/www.benevolenti.com\/disclaimer-2\/"},"modified":"2024-07-08T11:24:20","modified_gmt":"2024-07-08T09:24:20","slug":"disclaimer-2","status":"publish","type":"page","link":"https:\/\/www.benevolenti.com\/de\/disclaimer-2\/","title":{"rendered":"Disclaimer"},"content":{"rendered":"<p>Dies ist die offizielle Website von BENEVOLENTI und dient der Informationsvermittlung \u00fcber unsere Produkte und Dienstleistungen.<\/p>\n<p><strong>Alle Texte und Fotos auf der BENEVOLENTI-Website d\u00fcrfen nicht ohne Nachfrage vervielf\u00e4ltigt, kopiert oder andersweitig genutzt werden.<\/strong><\/p>\n<p>Die Steinbeschreibungen basieren auf folgender Literatur und Quelle:<\/p>\n<ul>\n<li>Lexikon der Heilsteine von Michael Gienger<\/li>\n<li>Enzyklop\u00e4die der Steinheilkunde von Werner K\u00fchni und Walter von Holst<\/li>\n<li>Die Steinheilkunde von Michael Gienger<\/li>\n<li>Die Heilsteine der Hildegard von Bingen von Michael Gienger<\/li>\n<li>Heilsteine der Organuhr von Michael Gienger und Wolfgang Maier<\/li>\n<li>Chinesische Steinheilkunde von Prof. TCM Li Wu<\/li>\n<li>Steinheilkunde e.V.<\/li>\n<\/ul>\n<p>BENEVOLENTI kann keine Garantie \u00fcbernehmen, dass diese Beschreibungen eintreffen. Die Wirkungen der Steine ersparen keinen Gang zum Arzt.<\/p>\n<p><strong>BENEVOLENTI \u00fcbernimmt keine Haftung f\u00fcr direkte oder indirekte Sch\u00e4den, die den Nutzern der Webseiten oder Dritten durch irgendwelche Kontakte oder Transaktionen \u00fcber das Internet oder durch die Nutzung unserer Produkte entstehen.<\/strong><\/p>\n<p>Sofern wir von Ihnen Daten via Internet \u00fcbermittelt erhalten sollten, werden diese ausschliesslich f\u00fcr die von Ihnen gew\u00fcnschten Zwecke genutzt.<\/p>\n","protected":false},"excerpt":{"rendered":"<p>Dies ist die offizielle Website von BENEVOLENTI und dient der Informationsvermittlung \u00fcber unsere Produkte und Dienstleistungen. Alle Texte und Fotos auf der BENEVOLENTI-Website d\u00fcrfen nicht ohne Nachfrage vervielf\u00e4ltigt, kopiert oder andersweitig genutzt werden. Die Steinbeschreibungen basieren auf folgender Literatur und Quelle: Lexikon der Heilsteine von Michael Gienger Enzyklop\u00e4die der Steinheilkunde&#8230; <a class=\"more-link\" href=\"https:\/\/www.benevolenti.com\/de\/disclaimer-2\/\">Mehr<\/a><\/p>\n","protected":false},"author":1,"featured_media":0,"parent":0,"menu_order":34,"comment_status":"closed","ping_status":"open","template":"","meta":{"footnotes":""},"class_list":["post-1103","page","type-page","status-publish","hentry"],"jetpack_sharing_enabled":true,"_links":{"self":[{"href":"https:\/\/www.benevolenti.com\/de\/wp-json\/wp\/v2\/pages\/1103","targetHints":{"allow":["GET"]}}],"collection":[{"href":"https:\/\/www.benevolenti.com\/de\/wp-json\/wp\/v2\/pages"}],"about":[{"href":"https:\/\/www.benevolenti.com\/de\/wp-json\/wp\/v2\/types\/page"}],"author":[{"embeddable":true,"href":"https:\/\/www.benevolenti.com\/de\/wp-json\/wp\/v2\/users\/1"}],"replies":[{"embeddable":true,"href":"https:\/\/www.benevolenti.com\/de\/wp-json\/wp\/v2\/comments?post=1103"}],"version-history":[{"count":5,"href":"https:\/\/www.benevolenti.com\/de\/wp-json\/wp\/v2\/pages\/1103\/revisions"}],"predecessor-version":[{"id":14430,"href":"https:\/\/www.benevolenti.com\/de\/wp-json\/wp\/v2\/pages\/1103\/revisions\/14430"}],"wp:attachment":[{"href":"https:\/\/www.benevolenti.com\/de\/wp-json\/wp\/v2\/media?parent=1103"}],"curies":[{"name":"wp","href":"https:\/\/api.w.org\/{rel}","templated":true}]}}