{"id":1100,"date":"2011-05-25T10:48:21","date_gmt":"2011-05-25T10:48:21","guid":{"rendered":"https:\/\/www.benevolenti.com\/agb-2\/"},"modified":"2024-07-08T11:21:38","modified_gmt":"2024-07-08T09:21:38","slug":"agb-2","status":"publish","type":"page","link":"https:\/\/www.benevolenti.com\/de\/agb-2\/","title":{"rendered":"Allgemeine Gesch\u00e4ftsbedingungen"},"content":{"rendered":"<p><strong><em>1. Geltungsbereich <\/em><\/strong><br \/>\nF\u00fcr Ihre Bestellungen bei BENEVOLENTI \u00fcber die BENEVOLENTI-Website (nachfolgend &#8222;Website&#8220;) gelten ausschliesslich die vorliegenden Allgemeinen Gesch\u00e4ftsbedingungen (nachfolgend &#8222;AGB&#8220;) in ihrer zum Zeitpunkt der Bestellung g\u00fcltigen Fassung. Sie erkl\u00e4ren, vor Aufgabe Ihrer Bestellung, Kenntnis von den vorliegenden AGB genommen zu haben und diese zu akzeptieren. Abweichende oder andere Allgemeine Gesch\u00e4ftsbedingungen werden von BENEVOLENTI nicht akzeptiert.<\/p>\n<p><strong>2. Vertragsabschluss<\/strong><br \/>\nDie Angaben zu den auf der Website gezeigten Artikeln sowie die Preise sind unverbindlich. Der Kaufvertrag \u00fcber die gew\u00fcnschten Artikel wird erst geschlossen, wenn BENEVOLENTI Ihre Bestellung durch Versand einer Bestellbest\u00e4tigung oder der bestellten Artikel an Sie annimmt. Da es sich bei der Darstellung der Artikel auf der Website um bildliche Darstellungen handelt, sind Abweichungen der Artikel in Farbe und Form von den bildlichen Darstellungen auf der Website m\u00f6glich. Die Pr\u00e4sentation der Artikel auf der Website stellt keine Zusicherung von Eigenschaften dar, sondern enth\u00e4lt lediglich Leistungsbeschreibungen.<\/p>\n<p><strong>3. Eigentumsvorbehalt<\/strong><br \/>\nDie bestellten Artikel verbleiben bis zu deren vollst\u00e4ndiger Bezahlung im Eigentum von BENEVOLENTI.<\/p>\n<p><strong>4. Bestellung \/ Lieferung<\/strong><br \/>\nBestellungen erfolgen \u00fcber die Website. Bestellungen via Email sind gegen Vorauskasse m\u00f6glich.<br \/>\nBestellungen werden innerhalb von 4 Arbeitstagen nach dem Erhalt der Bestellung per A-Post ausgeliefert, es sei denn, dass wir aufgrund der hohen Nachfrage die Bestellung nicht annehmen k\u00f6nnen. In diesem Fall werden wir Sie unverz\u00fcglich verst\u00e4ndigen. Bei Bestellungen \u00fcber die Website erhalten Sie nach Eingang Ihrer Bestellung eine Bestellbest\u00e4tigung und nach Abwicklung Ihrer Bestellung eine Versandbest\u00e4tigung per E-Mail. Die Lieferung der Ware erfolgt ausschliesslich innerhalb der Schweiz durch die Schweizerische Post an die von Ihnen angegebene Postadresse.<\/p>\n<p><strong>5. Zahlung<\/strong><br \/>\nBei Bestellungen \u00fcber die Website erfolgt die Bezahlung des Kaufpreises mittels Belastung auf Paypal oder durch Vorauszahlung auf unser Bankkonto IBAN CH37 0483 5014 9608 0000 0 bei Credit Suisse, lautend auf Claudia Auf der Maur.<\/p>\n<p><strong>6. Umtausch- und R\u00fcckgaberecht<\/strong><br \/>\nEs besteht kein R\u00fcckgaberecht. Ein Umtausch ist jederzeit m\u00f6glich, wobei Sie die Portokosten zu \u00fcbernehmen haben.<\/p>\n<p><strong>7. Preise<\/strong><br \/>\nDie auf unserer Website ausgewiesenen Preise verstehen sich in Schweizer Franken und inklusive Mehrwertsteuer. Preis- und Sortiments\u00e4nderungen sind jederzeit vorbehalten.<\/p>\n<p><strong>8. Versandkosten<\/strong><br \/>\nBENEVOLENTI verrechnet innerhalb der Schweiz keine Versandkosten.<\/p>\n<p><strong>9. Gew\u00e4hrleistung, Haftung und Gefahrtragung<\/strong><br \/>\nBENEVOLENTI gew\u00e4hrleistet, dass Sie ein handwerklich einwandfreies Produkt erhalten. Steine sind ein Naturprodukt und daher sind Abweichungen gegen\u00fcber Abbildungen der Website die Regel. Bestellte Produkte haben Sie innerhalb von 5 Tagen nach Erhalt zu pr\u00fcfen und BENEVOLENTI allf\u00e4llige M\u00e4ngel umgehend schriftlich anzuzeigen, ansonsten Ihre Gew\u00e4hrleistungsanspr\u00fcche verwirkt sind. Vorbehalten bleiben versteckte M\u00e4ngel. Liegt ein von BENEVOLENTI zu vertretender Mangel vor, ist BENEVOLENTI nach eigener Wahl zur Nachbesserung oder Ersatzlieferung berechtigt. Wandelung und Minderung sind ausgeschlossen. \u00dcber diese Gew\u00e4hrleistungsanspr\u00fcche hinausgehende Anspr\u00fcche, insbesondere Schadenersatzanspr\u00fcche oder Anspr\u00fcche aus entgangenem Gewinn, sind \u2013 soweit gesetzlich zul\u00e4ssig &#8211; ausgeschlossen. Nutzen und Gefahr gehen mit der Ablieferung der Ware auf Sie \u00fcber.<\/p>\n<p><strong>10. Datenschutz<\/strong><br \/>\nZur Abwicklung Ihrer Bestellung, zur internen Auftragskontrolle und zur Erstellung einer Kundenstatistik werden die von Ihnen angegebenen Daten sowie die Randdaten Ihrer Bestellung von BENEVOLENTI erfasst und gespeichert. Sie erkl\u00e4ren sich mit der Verwendung Ihrer Daten im vorgenannten Umfang einverstanden. Bitte beachten Sie im \u00dcbrigen auch die datenschutzrechtlichen Hinweise.<\/p>\n<p><strong>11. Anwendbares Recht und Gerichtsstand<\/strong><br \/>\nEs gilt das schweizerische Recht unter Ausschluss des UN-Kaufrechts. Gerichtsstand f\u00fcr alle Anspr\u00fcche im Zusammenhang mit Ihrer Bestellung ist Z\u00fcrich.<\/p>\n<p>BENEVOLENTI &#8211; Claudia Auf der Maur<br \/>\nFliederstrasse 16<br \/>\n8006 Z\u00fcrich<\/p>\n","protected":false},"excerpt":{"rendered":"<p>1. Geltungsbereich F\u00fcr Ihre Bestellungen bei BENEVOLENTI \u00fcber die BENEVOLENTI-Website (nachfolgend &#8222;Website&#8220;) gelten ausschliesslich die vorliegenden Allgemeinen Gesch\u00e4ftsbedingungen (nachfolgend &#8222;AGB&#8220;) in ihrer zum Zeitpunkt der Bestellung g\u00fcltigen Fassung. Sie erkl\u00e4ren, vor Aufgabe Ihrer Bestellung, Kenntnis von den vorliegenden AGB genommen zu haben und diese zu akzeptieren. Abweichende oder andere Allgemeine&#8230; <a class=\"more-link\" href=\"https:\/\/www.benevolenti.com\/de\/agb-2\/\">Mehr<\/a><\/p>\n","protected":false},"author":1,"featured_media":0,"parent":0,"menu_order":31,"comment_status":"closed","ping_status":"open","template":"","meta":{"footnotes":""},"class_list":["post-1100","page","type-page","status-publish","hentry"],"jetpack_sharing_enabled":true,"_links":{"self":[{"href":"https:\/\/www.benevolenti.com\/de\/wp-json\/wp\/v2\/pages\/1100","targetHints":{"allow":["GET"]}}],"collection":[{"href":"https:\/\/www.benevolenti.com\/de\/wp-json\/wp\/v2\/pages"}],"about":[{"href":"https:\/\/www.benevolenti.com\/de\/wp-json\/wp\/v2\/types\/page"}],"author":[{"embeddable":true,"href":"https:\/\/www.benevolenti.com\/de\/wp-json\/wp\/v2\/users\/1"}],"replies":[{"embeddable":true,"href":"https:\/\/www.benevolenti.com\/de\/wp-json\/wp\/v2\/comments?post=1100"}],"version-history":[{"count":1,"href":"https:\/\/www.benevolenti.com\/de\/wp-json\/wp\/v2\/pages\/1100\/revisions"}],"predecessor-version":[{"id":21128,"href":"https:\/\/www.benevolenti.com\/de\/wp-json\/wp\/v2\/pages\/1100\/revisions\/21128"}],"wp:attachment":[{"href":"https:\/\/www.benevolenti.com\/de\/wp-json\/wp\/v2\/media?parent=1100"}],"curies":[{"name":"wp","href":"https:\/\/api.w.org\/{rel}","templated":true}]}}